{"id":305,"date":"2022-05-08T08:41:34","date_gmt":"2022-05-08T08:41:34","guid":{"rendered":"https:\/\/www.turkmedchem.org\/?page_id=305"},"modified":"2023-07-04T10:04:38","modified_gmt":"2023-07-04T10:04:38","slug":"baskanin-mesaji","status":"publish","type":"page","link":"https:\/\/www.turkmedchem.org\/index.php\/baskanin-mesaji\/","title":{"rendered":"Ba\u015fkan\u0131n Mesaj\u0131"},"content":{"rendered":"\t\t<div data-elementor-type=\"wp-page\" data-elementor-id=\"305\" class=\"elementor elementor-305\">\n\t\t\t\t\t\t<section class=\"elementor-section elementor-top-section elementor-element elementor-element-a70871c elementor-section-boxed elementor-section-height-default elementor-section-height-default\" data-id=\"a70871c\" data-element_type=\"section\">\n\t\t\t\t\t\t<div class=\"elementor-container elementor-column-gap-default\">\n\t\t\t\t\t<div class=\"elementor-column elementor-col-50 elementor-top-column elementor-element elementor-element-39b5f46\" data-id=\"39b5f46\" data-element_type=\"column\">\n\t\t\t<div class=\"elementor-widget-wrap elementor-element-populated\">\n\t\t\t\t\t\t<div class=\"elementor-element elementor-element-b5ae058 elementor-widget elementor-widget-image\" data-id=\"b5ae058\" data-element_type=\"widget\" data-widget_type=\"image.default\">\n\t\t\t\t<div class=\"elementor-widget-container\">\n\t\t\t\t\t\t\t\t\t\t\t\t\t\t\t<img fetchpriority=\"high\" decoding=\"async\" width=\"689\" height=\"689\" src=\"https:\/\/www.turkmedchem.org\/wp-content\/uploads\/2023\/07\/ssss-1.png\" class=\"attachment-large size-large wp-image-600\" alt=\"\" srcset=\"https:\/\/www.turkmedchem.org\/wp-content\/uploads\/2023\/07\/ssss-1.png 689w, https:\/\/www.turkmedchem.org\/wp-content\/uploads\/2023\/07\/ssss-1-300x300.png 300w, https:\/\/www.turkmedchem.org\/wp-content\/uploads\/2023\/07\/ssss-1-150x150.png 150w\" sizes=\"(max-width: 689px) 100vw, 689px\" \/>\t\t\t\t\t\t\t\t\t\t\t\t\t\t\t<\/div>\n\t\t\t\t<\/div>\n\t\t\t\t\t<\/div>\n\t\t<\/div>\n\t\t\t\t<div class=\"elementor-column elementor-col-50 elementor-top-column elementor-element elementor-element-3a44575\" data-id=\"3a44575\" data-element_type=\"column\">\n\t\t\t<div class=\"elementor-widget-wrap elementor-element-populated\">\n\t\t\t\t\t\t<div class=\"elementor-element elementor-element-f64f318 elementor-widget elementor-widget-text-editor\" data-id=\"f64f318\" data-element_type=\"widget\" data-widget_type=\"text-editor.default\">\n\t\t\t\t<div class=\"elementor-widget-container\">\n\t\t\t\t\t\t\t\t\t<p><span style=\"background-color: transparent; color: var( --e-global-color-text );\">T\u00fcrk Farmas\u00f6tik ve Medisinal Kimya Derne\u011fi\u2019nin De\u011ferli \u00dcyeleri,<\/span><br><span style=\"background-color: transparent; color: var( --e-global-color-text );\">Derne\u011fimizin 15. D\u00f6nem Y\u00f6netim Kurulu Ba\u015fkan\u0131 olarak, sizlerle bulu\u015fman\u0131n sevinci ve gururunu ya\u015f\u0131yorum. 2023 y\u0131l\u0131 Haziran ay\u0131nda de\u011ferli Y\u00f6netim Kurulu arkada\u015flar\u0131mla birlikte derne\u011fimizin y\u00f6netimini \u00fcstlendik ve bizden \u00f6nceki y\u00f6netimlerin derne\u011fimizi getirdi\u011fi noktadan ba\u015flayarak b\u00fcy\u00fck<\/span><br><span style=\"background-color: transparent; color: var( --e-global-color-text );\">bir heves ve heyecanla i\u015flere koyulduk.<\/span><br><span style=\"background-color: transparent; color: var( --e-global-color-text );\">Derne\u011fimizin bug\u00fcnlere gelmesinde \u00e7ok \u00f6nemli katk\u0131lar\u0131 olan ge\u00e7mi\u015f y\u00f6netim ve denetim kurullar\u0131na yapt\u0131klar\u0131 de\u011ferli katk\u0131lar i\u00e7in \u00e7ok te\u015fekk\u00fcr ediyorum.<\/span><br><span style=\"background-color: transparent; color: var( --e-global-color-text );\">Amac\u0131m\u0131z \u00fclkemizde Farmas\u00f6tik ve Medisinal Kimya Bilim\u2019inin ilerlemesini sa\u011flamak ve \u00fclkemizde ila\u00e7 etken maddelerinin ilk kez elde edili\u015fini m\u00fcmk\u00fcn k\u0131lacak giri\u015fimlerde bulunmaktad\u0131r. Bu ama\u00e7la \u00fcyelerimiz aras\u0131nda yak\u0131nla\u015fma dayan\u0131\u015fma, bilimsel i\u015fbirli\u011fi, maddi ve manevi yard\u0131mla\u015fmay\u0131 sa\u011flamak ve benzer ama\u00e7l\u0131 ulusal ve uluslararas\u0131 kurulu\u015flarla i\u015fbirli\u011fi yapmak ve birlikte bilimsel toplant\u0131lar d\u00fczenlemektir.<\/span><br><span style=\"background-color: transparent; color: var( --e-global-color-text );\">Derne\u011fimizi gelecek ku\u015faklara en iyi \u015fekilde ta\u015f\u0131mak dile\u011fiyle, \u015fahs\u0131m, y\u00f6netim ve denetim kurulu ad\u0131na sevgi ve sayg\u0131lar sunar\u0131m.<br><\/span><br><span style=\"background-color: transparent; color: var( --e-global-color-text );\">Prof. Dr. Zeynep ATE\u015e-ALAG\u00d6Z<\/span><br><span style=\"background-color: transparent; color: var( --e-global-color-text );\">T\u00fcrk Farmas\u00f6tik ve Medisinal Kimya Derne\u011fi Ba\u015fkan\u0131<\/span><\/p>\t\t\t\t\t\t\t\t<\/div>\n\t\t\t\t<\/div>\n\t\t\t\t\t<\/div>\n\t\t<\/div>\n\t\t\t\t\t<\/div>\n\t\t<\/section>\n\t\t\t\t<\/div>\n\t\t","protected":false},"excerpt":{"rendered":"<p>T\u00fcrk Farmas\u00f6tik ve Medisinal Kimya Derne\u011fi\u2019nin De\u011ferli \u00dcyeleri,Derne\u011fimizin 15. D\u00f6nem Y\u00f6netim Kurulu Ba\u015fkan\u0131 olarak, sizlerle bulu\u015fman\u0131n sevinci ve gururunu ya\u015f\u0131yorum. 2023 y\u0131l\u0131 Haziran ay\u0131nda de\u011ferli Y\u00f6netim Kurulu arkada\u015flar\u0131mla birlikte derne\u011fimizin y\u00f6netimini \u00fcstlendik ve bizden \u00f6nceki y\u00f6netimlerin derne\u011fimizi getirdi\u011fi noktadan ba\u015flayarak b\u00fcy\u00fckbir heves ve heyecanla i\u015flere koyulduk.Derne\u011fimizin bug\u00fcnlere gelmesinde \u00e7ok \u00f6nemli katk\u0131lar\u0131 olan ge\u00e7mi\u015f y\u00f6netim ve [&hellip;]<\/p>\n","protected":false},"author":1,"featured_media":0,"parent":0,"menu_order":0,"comment_status":"closed","ping_status":"closed","template":"","meta":{"footnotes":""},"class_list":["post-305","page","type-page","status-publish","hentry"],"_links":{"self":[{"href":"https:\/\/www.turkmedchem.org\/index.php\/wp-json\/wp\/v2\/pages\/305","targetHints":{"allow":["GET"]}}],"collection":[{"href":"https:\/\/www.turkmedchem.org\/index.php\/wp-json\/wp\/v2\/pages"}],"about":[{"href":"https:\/\/www.turkmedchem.org\/index.php\/wp-json\/wp\/v2\/types\/page"}],"author":[{"embeddable":true,"href":"https:\/\/www.turkmedchem.org\/index.php\/wp-json\/wp\/v2\/users\/1"}],"replies":[{"embeddable":true,"href":"https:\/\/www.turkmedchem.org\/index.php\/wp-json\/wp\/v2\/comments?post=305"}],"version-history":[{"count":19,"href":"https:\/\/www.turkmedchem.org\/index.php\/wp-json\/wp\/v2\/pages\/305\/revisions"}],"predecessor-version":[{"id":606,"href":"https:\/\/www.turkmedchem.org\/index.php\/wp-json\/wp\/v2\/pages\/305\/revisions\/606"}],"wp:attachment":[{"href":"https:\/\/www.turkmedchem.org\/index.php\/wp-json\/wp\/v2\/media?parent=305"}],"curies":[{"name":"wp","href":"https:\/\/api.w.org\/{rel}","templated":true}]}}