{"id":310,"date":"2022-05-08T08:45:29","date_gmt":"2022-05-08T08:45:29","guid":{"rendered":"https:\/\/www.turkmedchem.org\/?page_id=310"},"modified":"2022-05-08T08:45:29","modified_gmt":"2022-05-08T08:45:29","slug":"tarihce","status":"publish","type":"page","link":"https:\/\/www.turkmedchem.org\/index.php\/tarihce\/","title":{"rendered":"Tarih\u00e7e"},"content":{"rendered":"<p style=\"text-align: center;\"><b>T\u00dcRK FARMAS\u00d6T\u0130K VE MED\u0130S\u0130NAL K\u0130MYA DERNE\u011e\u0130<\/b><\/p>\n<p style=\"text-align: center;\"><b>TAR\u0130H\u00c7E<\/b><\/p>\n<p>\u00dclkemizdeki Farmas\u00f6tik Kimya alan\u0131nda \u00e7al\u0131\u015fan t\u00fcm ara\u015ft\u0131rmac\u0131lar\u0131 bir \u015femsiye alt\u0131nda toplamak amac\u0131n\u0131 ta\u015f\u0131yan T\u00fcrk Farmas\u00f6tik ve Medisinal Kimya Derne\u011finin kurulu\u015f \u00e7al\u0131\u015fmalar\u0131, 1984 y\u0131l\u0131na dayanmaktad\u0131r.\u00a0 Dernek ile ilgili ilk \u00e7al\u0131\u015fmalar, Prof. Dr. NingurNoyanalpan, Prof. Dr. Altan Bilgin, Prof. Dr. Nedime Ergen\u00e7, Prof. Dr. Aysel G\u00fcrsoy ve Prof. Dr. Se\u00e7kin \u00d6zden\u2019in \u00f6nc\u00fcl\u00fc\u011f\u00fcnde ba\u015flam\u0131\u015ft\u0131r. 1990 y\u0131l\u0131nda dernek t\u00fcz\u00fc\u011f\u00fc taslak olarak haz\u0131rlanm\u0131\u015f, konu ile ilgili ilk toplant\u0131, 27-28 Ekim 1990 tarihinde \u0130zmir\u2019de ger\u00e7ekle\u015ftirilmi\u015ftir. Haz\u0131rlanan t\u00fcz\u00fck \u00fczerindeki\u00a0 \u00e7al\u0131\u015fmalar, 21 Mart 1994 tarihinde kurucu \u00fcyelerin isimlerinin belirlenmesi ve 12 Nisan 1994 tarihinde Ankara Valili\u011fi\u2019ne ba\u015fvuru yap\u0131lmas\u0131 ile devam etmi\u015f, 10 Haziran 1994 tarihinde,\u00a0 \u201cFarmas\u00f6tik ve Medisinal Kimya Derne\u011fi\u201d olarak valilikten kurulu\u015f belgesi al\u0131nmas\u0131yla sonu\u00e7land\u0131r\u0131lm\u0131\u015ft\u0131r. Dernek t\u00fcz\u00fc\u011f\u00fc, 3 Temmuz 1994 tarihinde gazetede yay\u0131nlanm\u0131\u015ft\u0131r. Derne\u011fin ad\u0131 2003 y\u0131l\u0131nda, \u201cT\u00fcrk Farmas\u00f6tik ve Medisinal Kimya Derne\u011fi\u201d olarak de\u011fi\u015ftirilmi\u015ftir.<\/p>\n<p>T\u00fcrk Farmas\u00f6tik ve Medisinal Kimya Derne\u011finin kurucu ba\u015fkan\u0131 Prof. Dr. Ningur Noyanalpand\u0131r. Aral\u0131k 1994 ile\u00a0 \u015eubat 1999 tarihleri aras\u0131nda g\u00f6rev yapan Prof. Dr. Ningur Noyanalpan\u2019\u0131n ard\u0131ndan s\u0131ras\u0131yla; Prof. Dr. Altan Bilgin (1999-2001), Prof. Dr. M. Fethi \u015eahin (2001-2013), Prof. Dr. Erhan Palaska (2013-2017) dernek ba\u015fkanl\u0131\u011f\u0131 g\u00f6revini y\u00fcr\u00fctm\u00fc\u015flerdir. Haziran 2017 tarihi itibari ile Prof. Dr. Ayla Balkan bu g\u00f6revi devralm\u0131\u015ft\u0131r.<\/p>\n<p>T\u00fcrk Farmas\u00f6tik ve Medisinal Kimya Derne\u011fi, Avrupa Medisinal Kimya Fedarasyonu\u2019nun (The European Federation for Medicinal Chemistry, EFMC) bir \u00fcyesidir. Dernek kurulu\u015fundan 2018 y\u0131l\u0131na kadar biri Avrupa Medisinal Kimya Federasyonu kongresi olmak \u00fczere toplam 8 uluslararas\u0131 kongre d\u00fczenlemi\u015ftir. Dernek ayr\u0131ca her iki y\u0131lda bir, Farmas\u00f6tik Kimya alan\u0131nda yap\u0131lan Y\u00fcksek Lisans ve Doktora tez sunumlar\u0131n\u0131n yap\u0131ld\u0131\u011f\u0131, Farmas\u00f6tik Kimya alan\u0131 ile ilgili konular\u0131n tart\u0131\u015f\u0131ld\u0131\u011f\u0131,\u00a0 a\u015fama kaydeden ve emekli olan \u00fcyelere belge ve plaketlerinin verildi\u011fi ulusal kongreler d\u00fczenlemektedir.<\/p>\n","protected":false},"excerpt":{"rendered":"<p>T\u00dcRK FARMAS\u00d6T\u0130K VE MED\u0130S\u0130NAL K\u0130MYA DERNE\u011e\u0130 TAR\u0130H\u00c7E \u00dclkemizdeki Farmas\u00f6tik Kimya alan\u0131nda \u00e7al\u0131\u015fan t\u00fcm ara\u015ft\u0131rmac\u0131lar\u0131 bir \u015femsiye alt\u0131nda toplamak amac\u0131n\u0131 ta\u015f\u0131yan T\u00fcrk Farmas\u00f6tik ve Medisinal Kimya Derne\u011finin kurulu\u015f \u00e7al\u0131\u015fmalar\u0131, 1984 y\u0131l\u0131na dayanmaktad\u0131r.\u00a0 Dernek ile ilgili ilk \u00e7al\u0131\u015fmalar, Prof. Dr. NingurNoyanalpan, Prof. Dr. Altan Bilgin, Prof. Dr. Nedime Ergen\u00e7, Prof. Dr. Aysel G\u00fcrsoy ve Prof. Dr. Se\u00e7kin [&hellip;]<\/p>\n","protected":false},"author":1,"featured_media":0,"parent":0,"menu_order":0,"comment_status":"closed","ping_status":"closed","template":"","meta":{"footnotes":""},"class_list":["post-310","page","type-page","status-publish","hentry"],"_links":{"self":[{"href":"https:\/\/www.turkmedchem.org\/index.php\/wp-json\/wp\/v2\/pages\/310","targetHints":{"allow":["GET"]}}],"collection":[{"href":"https:\/\/www.turkmedchem.org\/index.php\/wp-json\/wp\/v2\/pages"}],"about":[{"href":"https:\/\/www.turkmedchem.org\/index.php\/wp-json\/wp\/v2\/types\/page"}],"author":[{"embeddable":true,"href":"https:\/\/www.turkmedchem.org\/index.php\/wp-json\/wp\/v2\/users\/1"}],"replies":[{"embeddable":true,"href":"https:\/\/www.turkmedchem.org\/index.php\/wp-json\/wp\/v2\/comments?post=310"}],"version-history":[{"count":1,"href":"https:\/\/www.turkmedchem.org\/index.php\/wp-json\/wp\/v2\/pages\/310\/revisions"}],"predecessor-version":[{"id":311,"href":"https:\/\/www.turkmedchem.org\/index.php\/wp-json\/wp\/v2\/pages\/310\/revisions\/311"}],"wp:attachment":[{"href":"https:\/\/www.turkmedchem.org\/index.php\/wp-json\/wp\/v2\/media?parent=310"}],"curies":[{"name":"wp","href":"https:\/\/api.w.org\/{rel}","templated":true}]}}